{"id":2,"date":"2023-07-02T10:33:57","date_gmt":"2023-07-02T08:33:57","guid":{"rendered":"http:\/\/helgiums.uber.space\/?page_id=2"},"modified":"2026-04-10T08:41:48","modified_gmt":"2026-04-10T06:41:48","slug":"beispiel-seite","status":"publish","type":"page","link":"https:\/\/helgetietz.de\/","title":{"rendered":"Angebot"},"content":{"rendered":"\n<p><\/p>\n\n\n\n<p class=\"has-text-align-center\"><strong>Willkommen!<\/strong><\/p>\n\n\n\n<p class=\"has-text-align-center\">Mein Name ist Helge Tietz und ich biete im Raum Berlin <strong>systemische<\/strong> <strong>Einzelsupervisionen<\/strong> und <strong>Coachings<\/strong> sowie <strong>Gruppen- und Teamsupervisionen<\/strong> an. Au\u00dferdem moderiere ich Ihren <strong>Teamtag<\/strong> oder gestalte einen <strong>Workshop<\/strong> zu ausgew\u00e4hlten Themen f\u00fcr Sie.<\/p>\n\n\n\n<p class=\"has-text-align-center\">F\u00fcr weitere Informationen kontaktieren Sie mich gerne. <\/p>\n\n\n<div class=\"wp-block-image is-style-twentytwentyone-border\">\n<figure class=\"aligncenter size-large is-resized\"><img loading=\"lazy\" decoding=\"async\" width=\"768\" height=\"1024\" src=\"https:\/\/helgiums.uber.space\/wp-content\/uploads\/2023\/12\/IMG_8096-768x1024.jpeg\" alt=\"\" class=\"wp-image-111\" style=\"width:293px;height:auto\" srcset=\"https:\/\/helgetietz.de\/wp-content\/uploads\/2023\/12\/IMG_8096-768x1024.jpeg 768w, https:\/\/helgetietz.de\/wp-content\/uploads\/2023\/12\/IMG_8096-225x300.jpeg 225w, https:\/\/helgetietz.de\/wp-content\/uploads\/2023\/12\/IMG_8096-1152x1536.jpeg 1152w, https:\/\/helgetietz.de\/wp-content\/uploads\/2023\/12\/IMG_8096-1536x2048.jpeg 1536w, https:\/\/helgetietz.de\/wp-content\/uploads\/2023\/12\/IMG_8096-1568x2091.jpeg 1568w, https:\/\/helgetietz.de\/wp-content\/uploads\/2023\/12\/IMG_8096-scaled.jpeg 1920w\" sizes=\"auto, (max-width: 768px) 100vw, 768px\" \/><\/figure>\n<\/div>","protected":false},"excerpt":{"rendered":"<p>Willkommen! Mein Name ist Helge Tietz und ich biete im Raum Berlin systemische Einzelsupervisionen und Coachings sowie Gruppen- und Teamsupervisionen an. Au\u00dferdem moderiere ich Ihren Teamtag oder gestalte einen Workshop zu ausgew\u00e4hlten Themen f\u00fcr Sie. F\u00fcr weitere Informationen kontaktieren Sie mich gerne.<\/p>\n","protected":false},"author":1,"featured_media":0,"parent":0,"menu_order":0,"comment_status":"closed","ping_status":"open","template":"","meta":{"footnotes":""},"class_list":["post-2","page","type-page","status-publish","hentry","entry"],"_links":{"self":[{"href":"https:\/\/helgetietz.de\/wp-json\/wp\/v2\/pages\/2","targetHints":{"allow":["GET"]}}],"collection":[{"href":"https:\/\/helgetietz.de\/wp-json\/wp\/v2\/pages"}],"about":[{"href":"https:\/\/helgetietz.de\/wp-json\/wp\/v2\/types\/page"}],"author":[{"embeddable":true,"href":"https:\/\/helgetietz.de\/wp-json\/wp\/v2\/users\/1"}],"replies":[{"embeddable":true,"href":"https:\/\/helgetietz.de\/wp-json\/wp\/v2\/comments?post=2"}],"version-history":[{"count":17,"href":"https:\/\/helgetietz.de\/wp-json\/wp\/v2\/pages\/2\/revisions"}],"predecessor-version":[{"id":145,"href":"https:\/\/helgetietz.de\/wp-json\/wp\/v2\/pages\/2\/revisions\/145"}],"wp:attachment":[{"href":"https:\/\/helgetietz.de\/wp-json\/wp\/v2\/media?parent=2"}],"curies":[{"name":"wp","href":"https:\/\/api.w.org\/{rel}","templated":true}]}}